{"id":1924,"date":"2014-01-28T11:50:15","date_gmt":"2014-01-28T10:50:15","guid":{"rendered":"http:\/\/www.voyages-a-la-une.com\/?page_id=1924"},"modified":"2026-03-04T16:40:16","modified_gmt":"2026-03-04T15:40:16","slug":"mentions-legales","status":"publish","type":"page","link":"https:\/\/voyagesalaune.com\/index.php\/mentions-legales\/","title":{"rendered":"Mentions l\u00e9gales"},"content":{"rendered":"\t\t<div data-elementor-type=\"wp-page\" data-elementor-id=\"1924\" class=\"elementor elementor-1924\" data-elementor-post-type=\"page\">\n\t\t\t\t\t\t<section class=\"elementor-section elementor-top-section elementor-element elementor-element-fbebac elementor-section-boxed elementor-section-height-default elementor-section-height-default qodef-backgound-letter-holder-no qodef-elementor-content-no\" data-id=\"fbebac\" data-element_type=\"section\" data-e-type=\"section\">\n\t\t\t\t\t\t<div class=\"elementor-container elementor-column-gap-default\">\n\t\t\t\t\t<div class=\"elementor-column elementor-col-100 elementor-top-column elementor-element elementor-element-62a25a95\" data-id=\"62a25a95\" data-element_type=\"column\" data-e-type=\"column\">\n\t\t\t<div class=\"elementor-widget-wrap elementor-element-populated\">\n\t\t\t\t\t\t<div class=\"elementor-element elementor-element-5c1834bd elementor-widget elementor-widget-text-editor\" data-id=\"5c1834bd\" data-element_type=\"widget\" data-e-type=\"widget\" data-widget_type=\"text-editor.default\">\n\t\t\t\t<div class=\"elementor-widget-container\">\n\t\t\t\t\t\t\t\t\t<div style=\"max-width: 900px; padding: 2rem; margin: 0 auto;\"><p style=\"text-align: justify;\"><span style=\"color: #808080;\">Le pr\u00e9sent site, accessible depuis les URL www.voyages-a-la-une.com, www.voyagesalaune.com, est \u00e9dit\u00e9 par la soci\u00e9t\u00e9 VOYAGES A LA UNE, S.A.R.L. au capital de 56 905 \u20ac, immatricul\u00e9e au registre du commerce et des soci\u00e9t\u00e9 de Paris sous le num\u00e9ro 382 447 746, dont le si\u00e8ge social est situ\u00e9 au 2, rue Meissonier \u2013 75017 PARIS.<\/span><\/p>\n<p style=\"text-align: justify;\"><span style=\"color: #808080;\">T\u00e9l\u00e9phone\u00a0: 01 40 54 99 20<\/span><\/p>\n<p style=\"text-align: justify;\"><span style=\"color: #808080;\">Courrier \u00e9lectronique\u00a0: info@voyages-a-la-une.com<\/span><\/p>\n<p style=\"text-align: justify;\"><span style=\"color: #808080;\">N\u00b0 TVA intracommunautaire\u00a0: FR90382447746<\/span><\/p>\n<p style=\"text-align: justify;\"><span style=\"color: #808080;\">La soci\u00e9t\u00e9 VOYAGES A LA UNE est immatricul\u00e9 au registre des op\u00e9rateur de voyages et de s\u00e9jour sous le num\u00e9ro suivant : IM075100173, dont la responsabilit\u00e9 civile professionnelle est assur\u00e9e par Generali France et la garantie financi\u00e8re est apport\u00e9e par APST. Le directeur de la publication est Mme C\u00e9line Pl\u00e9 Mosconi en sa qualit\u00e9 de G\u00e9rant.<\/span><\/p>\n<p style=\"text-align: justify;\"><span style=\"color: #808080;\">Toute repr\u00e9sentation totale ou partielle du pr\u00e9sent site et de son contenu, de sa structure, ses textes ou ses images (notamment ses photos, visuels ou logos), par quelque proc\u00e9d\u00e9 que se soit, sans autorisation pr\u00e9alable et expresse de la soci\u00e9t\u00e9 VOYAGES A LA UNE est interdite et constituerait une contrefa\u00e7on sanctionn\u00e9e par le code de la Propri\u00e9t\u00e9 Intellectuelle.<\/span><\/p>\n<p style=\"text-align: justify;\"><span style=\"color: #808080;\">L\u2019utilisation du site www.voyages-a-la-une.com, www.voyagesalaune.com s\u2019engage pour sa part \u00e0 respecter les r\u00e8gles de propri\u00e9t\u00e9 intellectuelle des divers contenus propos\u00e9s sur le site, c\u2019est \u00e0 dire\u00a0:<\/span><\/p>\n<p style=\"text-align: justify;\"><span style=\"color: #808080;\">&#8211;\u00a0\u00a0\u00a0\u00a0\u00a0 \u00e0 ne pas reproduire, r\u00e9sumer, modifier, alt\u00e9rer ou rediffuser, sans autorisation pr\u00e9alable de la soci\u00e9t\u00e9 VOYAGES A LA UNE quelque article, titre, logo, marque, information, illustration, ou photographie pour un usage autre que strictement priv\u00e9, ce qui pass4sure 70-298 exclut toute reproduction \u00e0 des fins professionnelles ou de diffusion en nombre.<\/span><\/p>\n<p style=\"text-align: justify;\"><span style=\"color: #808080;\">&#8211;\u00a0\u00a0\u00a0\u00a0\u00a0 A ne pas recopier tout ou partie du site sur un autre site ou un r\u00e9seau interne d\u2019entreprise.<\/span><\/p>\n<p style=\"text-align: justify;\"><span style=\"color: #808080;\">&#8211;\u00a0\u00a0\u00a0\u00a0\u00a0 A ne pas cr\u00e9er de lien hypertexte entre un autre site et le pr\u00e9sent site sans accord pr\u00e9alable de la soci\u00e9t\u00e9 VOYAGES A LA UNE.<\/span><\/p>\n<p style=\"text-align: justify;\"><span style=\"color: #808080;\">Utilisation du site<\/span><\/p>\n<p style=\"text-align: justify;\"><span style=\"color: #808080;\">Nous nous effor\u00e7ons de mettre \u00e0 jour r\u00e9guli\u00e8rement les informations et les circuits figurant sur notre site. Nous nous r\u00e9servons la possibilit\u00e9 de modifier sans pr\u00e9avis le contenu des informations, les dates tarifs des voyages, sans que notre responsabilit\u00e9 soit mise en cause en cas de non fonctionnement, piratage, inaccessibilit\u00e9 du site. Nous nous r\u00e9servons le droit de suspendre temporairement l\u2019acc\u00e8s au site pour des raisons de s\u00e9curit\u00e9, maintenance, ou toute autre raison technique.<\/span><\/p>\n<p style=\"text-align: justify;\"><span style=\"color: #808080;\"><strong>Conform\u00e9ment au Chapitre III de la R\u00e9gulation G\u00e9n\u00e9rale sur la Protection des Donn\u00e9es (RGPD), vous disposez d\u2019un droit d\u2019acc\u00e8s, droit de rectification, droit \u00e0 l\u2019effacement, droit \u00e0 la portabilit\u00e9 de vos donn\u00e9es \u00e0 caract\u00e8re personnel ainsi que d\u2019un droit d\u2019opposition au traitement de vos donn\u00e9es \u00e0 caract\u00e8re personnel. Vous pouvez exercer ces droits en nous contactant par courrier \u00e9lectronique \u00e0\u00a0<\/strong><strong>info@voyages-a-la-une.com<\/strong><strong>\u00a0ou par courrier postal au 2, rue Meissonier \u2013 75017 PARIS.\u00a0<\/strong><\/span><\/p>\n<p style=\"text-align: justify;\"><span style=\"color: #808080;\">Tous droits r\u00e9serv\u00e9s 2020 \u2013 Voyages \u00e0 la Une<\/span><\/p><\/div>\t\t\t\t\t\t\t\t<\/div>\n\t\t\t\t<\/div>\n\t\t\t\t\t<\/div>\n\t\t<\/div>\n\t\t\t\t\t<\/div>\n\t\t<\/section>\n\t\t\t\t<\/div>\n\t\t","protected":false},"excerpt":{"rendered":"<p>Le pr\u00e9sent site, accessible depuis les URL www.voyages-a-la-une.com, www.voyagesalaune.com, est \u00e9dit\u00e9 par la soci\u00e9t\u00e9 VOYAGES A LA UNE, S.A.R.L. au capital de 56 905 \u20ac, immatricul\u00e9e au registre du commerce et des soci\u00e9t\u00e9 de Paris sous le num\u00e9ro 382 447 746, dont le si\u00e8ge social est situ\u00e9 au 2, rue Meissonier \u2013 75017 PARIS. T\u00e9l\u00e9phone\u00a0: [&hellip;]<\/p>\n","protected":false},"author":1,"featured_media":0,"parent":0,"menu_order":0,"comment_status":"closed","ping_status":"closed","template":"","meta":{"footnotes":""},"class_list":["post-1924","page","type-page","status-publish","hentry"],"_links":{"self":[{"href":"https:\/\/voyagesalaune.com\/index.php\/wp-json\/wp\/v2\/pages\/1924","targetHints":{"allow":["GET"]}}],"collection":[{"href":"https:\/\/voyagesalaune.com\/index.php\/wp-json\/wp\/v2\/pages"}],"about":[{"href":"https:\/\/voyagesalaune.com\/index.php\/wp-json\/wp\/v2\/types\/page"}],"author":[{"embeddable":true,"href":"https:\/\/voyagesalaune.com\/index.php\/wp-json\/wp\/v2\/users\/1"}],"replies":[{"embeddable":true,"href":"https:\/\/voyagesalaune.com\/index.php\/wp-json\/wp\/v2\/comments?post=1924"}],"version-history":[{"count":3,"href":"https:\/\/voyagesalaune.com\/index.php\/wp-json\/wp\/v2\/pages\/1924\/revisions"}],"predecessor-version":[{"id":28260,"href":"https:\/\/voyagesalaune.com\/index.php\/wp-json\/wp\/v2\/pages\/1924\/revisions\/28260"}],"wp:attachment":[{"href":"https:\/\/voyagesalaune.com\/index.php\/wp-json\/wp\/v2\/media?parent=1924"}],"curies":[{"name":"wp","href":"https:\/\/api.w.org\/{rel}","templated":true}]}}