{"id":17118,"date":"2023-06-02T13:06:14","date_gmt":"2023-06-02T11:06:14","guid":{"rendered":"http:\/\/exvgosa.cluster030.hosting.ovh.net\/?page_id=17118"},"modified":"2023-07-27T16:48:19","modified_gmt":"2023-07-27T14:48:19","slug":"asie-2","status":"publish","type":"page","link":"https:\/\/voyagesalaune.com\/index.php\/voyage-sur-mesure\/asie-2\/","title":{"rendered":"ASIE"},"content":{"rendered":"\t\t<div data-elementor-type=\"wp-page\" data-elementor-id=\"17118\" class=\"elementor elementor-17118\" data-elementor-post-type=\"page\">\n\t\t\t\t\t\t<section class=\"elementor-section elementor-top-section elementor-element elementor-element-d4b3b88 elementor-section-boxed elementor-section-height-default elementor-section-height-default qodef-backgound-letter-holder-no qodef-elementor-content-no\" data-id=\"d4b3b88\" data-element_type=\"section\" data-e-type=\"section\">\n\t\t\t\t\t\t<div class=\"elementor-container elementor-column-gap-default\">\n\t\t\t\t\t<div class=\"elementor-column elementor-col-100 elementor-top-column elementor-element elementor-element-a2dc611\" data-id=\"a2dc611\" data-element_type=\"column\" data-e-type=\"column\">\n\t\t\t<div class=\"elementor-widget-wrap elementor-element-populated\">\n\t\t\t\t\t\t<div class=\"elementor-element elementor-element-1cb5cf5 elementor-widget elementor-widget-slider_revolution\" data-id=\"1cb5cf5\" data-element_type=\"widget\" data-e-type=\"widget\" data-widget_type=\"slider_revolution.default\">\n\t\t\t\t<div class=\"elementor-widget-container\">\n\t\t\t\t\t\n\t\t<div class=\"wp-block-themepunch-revslider\">\n\t\t\t<!-- START ASIE REVOLUTION SLIDER 6.5.8 --><p class=\"rs-p-wp-fix\"><\/p>\n\t\t\t<rs-module-wrap id=\"rev_slider_53_1_wrapper\" data-source=\"gallery\" style=\"visibility:hidden;background:transparent;padding:0;margin:0px auto;margin-top:0;margin-bottom:0;\">\n\t\t\t\t<rs-module id=\"rev_slider_53_1\" style=\"\" data-version=\"6.5.8\">\n\t\t\t\t\t<rs-slides>\n\t\t\t\t\t\t<rs-slide style=\"position: absolute;\" data-key=\"rs-59\" data-title=\"Slide\" data-in=\"o:0;\" data-out=\"a:false;\">\n\t\t\t\t\t\t\t<img fetchpriority=\"high\" decoding=\"async\" src=\"\/\/voyagesalaune.com\/wp-content\/plugins\/revslider\/public\/assets\/assets\/dummy.png\" alt=\"Temple \u00e0 Mahabalipuram, Inde du Sud\" title=\"voyages-a-la-une-culture-experience-luxe-inde-du-sud-temple-mahabalipuram\" width=\"960\" height=\"1280\" class=\"rev-slidebg tp-rs-img rs-lazyload\" data-lazyload=\"\/\/voyagesalaune.com\/wp-content\/uploads\/2023\/07\/temple-51967_1280.jpg\" data-no-retina>\n<!--\n\t\t\t\t\t\t\t--><rs-layer\n\t\t\t\t\t\t\t\tid=\"slider-53-slide-59-layer-0\" \n\t\t\t\t\t\t\t\tdata-type=\"text\"\n\t\t\t\t\t\t\t\tdata-rsp_ch=\"on\"\n\t\t\t\t\t\t\t\tdata-xy=\"x:c;xo:-1px,-1px,0,0;y:m;\"\n\t\t\t\t\t\t\t\tdata-text=\"w:normal;s:54,54,33,25;l:68,68,42,31;a:center;\"\n\t\t\t\t\t\t\t\tdata-frame_999=\"o:0;st:w;\"\n\t\t\t\t\t\t\t\tstyle=\"z-index:8;font-family:'Proza Libre';\"\n\t\t\t\t\t\t\t>L'ASIE \n\t\t\t\t\t\t\t<\/rs-layer><!--\n-->\t\t\t\t\t\t<\/rs-slide>\n\t\t\t\t\t<\/rs-slides>\n\t\t\t\t<\/rs-module>\n\t\t\t\t<script type=\"text\/javascript\">\n\t\t\t\t\tsetREVStartSize({c: 'rev_slider_53_1',rl:[1240,1240,778,480],el:[300,300,300,300],gw:[1240,1240,778,480],gh:[300,300,300,300],type:'standard',justify:'',layout:'fullwidth',mh:\"0\"});if (window.RS_MODULES!==undefined && window.RS_MODULES.modules!==undefined && window.RS_MODULES.modules[\"revslider531\"]!==undefined) {window.RS_MODULES.modules[\"revslider531\"].once = false;window.revapi53 = undefined;if (window.RS_MODULES.checkMinimal!==undefined) window.RS_MODULES.checkMinimal()}\n\t\t\t\t<\/script>\n\t\t\t<\/rs-module-wrap>\n\t\t\t<!-- END REVOLUTION SLIDER -->\n<\/div>\n\n\t\t\t\t\t\t<\/div>\n\t\t\t\t<\/div>\n\t\t\t\t\t<\/div>\n\t\t<\/div>\n\t\t\t\t\t<\/div>\n\t\t<\/section>\n\t\t\t\t<section class=\"elementor-section elementor-top-section elementor-element elementor-element-a7052b9 elementor-section-boxed elementor-section-height-default elementor-section-height-default qodef-backgound-letter-holder-no qodef-elementor-content-no\" data-id=\"a7052b9\" data-element_type=\"section\" data-e-type=\"section\">\n\t\t\t\t\t\t<div class=\"elementor-container elementor-column-gap-default\">\n\t\t\t\t\t<div class=\"elementor-column elementor-col-100 elementor-top-column elementor-element elementor-element-ffdb8e3\" data-id=\"ffdb8e3\" data-element_type=\"column\" data-e-type=\"column\">\n\t\t\t<div class=\"elementor-widget-wrap\">\n\t\t\t\t\t\t\t<\/div>\n\t\t<\/div>\n\t\t\t\t\t<\/div>\n\t\t<\/section>\n\t\t\t\t<section class=\"elementor-section elementor-top-section elementor-element elementor-element-ab778c9 elementor-section-boxed elementor-section-height-default elementor-section-height-default qodef-backgound-letter-holder-no qodef-elementor-content-no\" data-id=\"ab778c9\" data-element_type=\"section\" data-e-type=\"section\">\n\t\t\t\t\t\t<div class=\"elementor-container elementor-column-gap-default\">\n\t\t\t\t\t<div class=\"elementor-column elementor-col-100 elementor-top-column elementor-element elementor-element-6e1a983\" data-id=\"6e1a983\" data-element_type=\"column\" data-e-type=\"column\">\n\t\t\t<div class=\"elementor-widget-wrap elementor-element-populated\">\n\t\t\t\t\t\t<div class=\"elementor-element elementor-element-7e6f588 elementor-widget elementor-widget-text-editor\" data-id=\"7e6f588\" data-element_type=\"widget\" data-e-type=\"widget\" data-widget_type=\"text-editor.default\">\n\t\t\t\t<div class=\"elementor-widget-container\">\n\t\t\t\t\t\t\t\t\t<p style=\"text-align: left;\">Un continent captivant et diversifi\u00e9 qui regorge de merveilles \u00e0 d\u00e9couvrir. Plongez dans la tranquillit\u00e9 sereine du Laos, o\u00f9 les temples anciens et les paysages pittoresques vous transportent dans un autre monde. Explorez la richesse culturelle du Cambodge, avec les temples majestueux d&rsquo;Angkor et l&rsquo;histoire fascinante de Phnom Penh. En Birmanie, laissez-vous envo\u00fbter par la spiritualit\u00e9 et l&rsquo;architecture des pagodes dor\u00e9es de Yangon et de Bagan. Partez \u00e0 la d\u00e9couverte des paysages grandioses de la Chine, des montagnes majestueuses de l&rsquo;Himalaya aux m\u00e9galopoles modernes telles que Shanghai et P\u00e9kin. D\u00e9couvrez dans l&rsquo;harmonie traditionnelle du Japon, o\u00f9 les temples mill\u00e9naires, les jardins zen et la cuisine raffin\u00e9e vous transportent dans une exp\u00e9rience unique. Impr\u00e9gnez-vous de la beaut\u00e9 naturelle du Vietnam, des rizi\u00e8res en terrasses de Sapa aux baies spectaculaires d&rsquo;Halong.<\/p>\t\t\t\t\t\t\t\t<\/div>\n\t\t\t\t<\/div>\n\t\t\t\t\t<\/div>\n\t\t<\/div>\n\t\t\t\t\t<\/div>\n\t\t<\/section>\n\t\t\t\t<section class=\"elementor-section elementor-top-section elementor-element elementor-element-e9bb43c elementor-section-boxed elementor-section-height-default elementor-section-height-default qodef-backgound-letter-holder-no qodef-elementor-content-no\" data-id=\"e9bb43c\" data-element_type=\"section\" data-e-type=\"section\">\n\t\t\t\t\t\t<div class=\"elementor-container elementor-column-gap-default\">\n\t\t\t\t\t<div class=\"elementor-column elementor-col-50 elementor-top-column elementor-element elementor-element-26570a8\" data-id=\"26570a8\" data-element_type=\"column\" data-e-type=\"column\">\n\t\t\t<div class=\"elementor-widget-wrap elementor-element-populated\">\n\t\t\t\t\t\t<div class=\"elementor-element elementor-element-557135a7 elementor-cta--skin-cover elementor-cta--valign-middle elementor-bg-transform elementor-bg-transform-zoom-out elementor-animated-content elementor-widget elementor-widget-call-to-action\" data-id=\"557135a7\" data-element_type=\"widget\" data-e-type=\"widget\" data-widget_type=\"call-to-action.default\">\n\t\t\t\t<div class=\"elementor-widget-container\">\n\t\t\t\t\t\t\t<a class=\"elementor-cta\" href=\"https:\/\/voyagesalaune.com\/index.php\/voyage-sur-mesure\/asie-2\/cambodge\/\">\n\t\t\t\t\t<div class=\"elementor-cta__bg-wrapper\">\n\t\t\t\t<div class=\"elementor-cta__bg elementor-bg\" style=\"background-image: url(https:\/\/voyagesalaune.com\/wp-content\/uploads\/2023\/06\/WEB-CAMBODGE.jpg);\" role=\"img\" aria-label=\"voyages-a-la-une-angkor-luxe-experience-culture\"><\/div>\n\t\t\t\t<div class=\"elementor-cta__bg-overlay\"><\/div>\n\t\t\t<\/div>\n\t\t\t\t\t\t\t<div class=\"elementor-cta__content\">\n\t\t\t\t\n\t\t\t\t\t\t\t\t\t<h3 class=\"elementor-cta__title elementor-cta__content-item elementor-content-item elementor-animated-item--shrink\">\n\t\t\t\t\t\tCAMBODGE\t\t\t\t\t<\/h3>\n\t\t\t\t\n\t\t\t\t\n\t\t\t\t\t\t\t<\/div>\n\t\t\t\t\t\t<\/a>\n\t\t\t\t\t\t<\/div>\n\t\t\t\t<\/div>\n\t\t\t\t<div class=\"elementor-element elementor-element-514b5a5 elementor-widget elementor-widget-spacer\" data-id=\"514b5a5\" data-element_type=\"widget\" data-e-type=\"widget\" data-widget_type=\"spacer.default\">\n\t\t\t\t<div class=\"elementor-widget-container\">\n\t\t\t\t\t\t\t<div class=\"elementor-spacer\">\n\t\t\t<div class=\"elementor-spacer-inner\"><\/div>\n\t\t<\/div>\n\t\t\t\t\t\t<\/div>\n\t\t\t\t<\/div>\n\t\t\t\t<div class=\"elementor-element elementor-element-7bbb342e elementor-cta--skin-cover elementor-cta--valign-middle elementor-bg-transform elementor-bg-transform-zoom-out elementor-animated-content elementor-widget elementor-widget-call-to-action\" data-id=\"7bbb342e\" data-element_type=\"widget\" data-e-type=\"widget\" data-widget_type=\"call-to-action.default\">\n\t\t\t\t<div class=\"elementor-widget-container\">\n\t\t\t\t\t\t\t<a class=\"elementor-cta\" href=\"https:\/\/voyagesalaune.com\/index.php\/voyage-sur-mesure\/asie-2\/chine\/\">\n\t\t\t\t\t<div class=\"elementor-cta__bg-wrapper\">\n\t\t\t\t<div class=\"elementor-cta__bg elementor-bg\" style=\"background-image: url(https:\/\/voyagesalaune.com\/wp-content\/uploads\/2023\/06\/voyages-a-la-une-culture-experience-luxe-chine-asie-accueil.jpeg);\" role=\"img\" aria-label=\"Batiment rouge et dor\u00e9 ancien de Quanzhou en Chine avec statuette de petit dragon, Asie\"><\/div>\n\t\t\t\t<div class=\"elementor-cta__bg-overlay\"><\/div>\n\t\t\t<\/div>\n\t\t\t\t\t\t\t<div class=\"elementor-cta__content\">\n\t\t\t\t\n\t\t\t\t\t\t\t\t\t<h3 class=\"elementor-cta__title elementor-cta__content-item elementor-content-item elementor-animated-item--shrink\">\n\t\t\t\t\t\tCHINE\t\t\t\t\t<\/h3>\n\t\t\t\t\n\t\t\t\t\n\t\t\t\t\t\t\t<\/div>\n\t\t\t\t\t\t<\/a>\n\t\t\t\t\t\t<\/div>\n\t\t\t\t<\/div>\n\t\t\t\t<div class=\"elementor-element elementor-element-860fdf7 elementor-widget elementor-widget-spacer\" data-id=\"860fdf7\" data-element_type=\"widget\" data-e-type=\"widget\" data-widget_type=\"spacer.default\">\n\t\t\t\t<div class=\"elementor-widget-container\">\n\t\t\t\t\t\t\t<div class=\"elementor-spacer\">\n\t\t\t<div class=\"elementor-spacer-inner\"><\/div>\n\t\t<\/div>\n\t\t\t\t\t\t<\/div>\n\t\t\t\t<\/div>\n\t\t\t\t<div class=\"elementor-element elementor-element-3e2dfb45 elementor-cta--skin-cover elementor-cta--valign-middle elementor-bg-transform elementor-bg-transform-zoom-out elementor-animated-content elementor-widget elementor-widget-call-to-action\" data-id=\"3e2dfb45\" data-element_type=\"widget\" data-e-type=\"widget\" data-widget_type=\"call-to-action.default\">\n\t\t\t\t<div class=\"elementor-widget-container\">\n\t\t\t\t\t\t\t<a class=\"elementor-cta\" href=\"https:\/\/voyagesalaune.com\/index.php\/voyage-sur-mesure\/asie-2\/laos\/\">\n\t\t\t\t\t<div class=\"elementor-cta__bg-wrapper\">\n\t\t\t\t<div class=\"elementor-cta__bg elementor-bg\" style=\"background-image: url(https:\/\/voyagesalaune.com\/wp-content\/uploads\/2023\/07\/luang-prabang-g6c11f5dd5_1280.jpg);\" role=\"img\" aria-label=\"voyages-a-la-une-voyagesalaune-laos\"><\/div>\n\t\t\t\t<div class=\"elementor-cta__bg-overlay\"><\/div>\n\t\t\t<\/div>\n\t\t\t\t\t\t\t<div class=\"elementor-cta__content\">\n\t\t\t\t\n\t\t\t\t\t\t\t\t\t<h3 class=\"elementor-cta__title elementor-cta__content-item elementor-content-item elementor-animated-item--shrink\">\n\t\t\t\t\t\tLAOS\t\t\t\t\t<\/h3>\n\t\t\t\t\n\t\t\t\t\n\t\t\t\t\t\t\t<\/div>\n\t\t\t\t\t\t<\/a>\n\t\t\t\t\t\t<\/div>\n\t\t\t\t<\/div>\n\t\t\t\t\t<\/div>\n\t\t<\/div>\n\t\t\t\t<div class=\"elementor-column elementor-col-50 elementor-top-column elementor-element elementor-element-e6bd839\" data-id=\"e6bd839\" data-element_type=\"column\" data-e-type=\"column\">\n\t\t\t<div class=\"elementor-widget-wrap elementor-element-populated\">\n\t\t\t\t\t\t<div class=\"elementor-element elementor-element-52d22989 elementor-cta--skin-cover elementor-cta--valign-middle elementor-bg-transform elementor-bg-transform-zoom-out elementor-animated-content elementor-widget elementor-widget-call-to-action\" data-id=\"52d22989\" data-element_type=\"widget\" data-e-type=\"widget\" data-widget_type=\"call-to-action.default\">\n\t\t\t\t<div class=\"elementor-widget-container\">\n\t\t\t\t\t\t\t<a class=\"elementor-cta\" href=\"https:\/\/voyagesalaune.com\/index.php\/voyage-sur-mesure\/asie-2\/vietnam\/\">\n\t\t\t\t\t<div class=\"elementor-cta__bg-wrapper\">\n\t\t\t\t<div class=\"elementor-cta__bg elementor-bg\" style=\"background-image: url(https:\/\/voyagesalaune.com\/wp-content\/uploads\/2023\/06\/voyages-a-la-une-culture-experience-luxe-vietnam-accueil-asie.jpeg);\" role=\"img\" aria-label=\"Montagnes du Vietnam avec coucher de soleil, Asie\"><\/div>\n\t\t\t\t<div class=\"elementor-cta__bg-overlay\"><\/div>\n\t\t\t<\/div>\n\t\t\t\t\t\t\t<div class=\"elementor-cta__content\">\n\t\t\t\t\n\t\t\t\t\t\t\t\t\t<h3 class=\"elementor-cta__title elementor-cta__content-item elementor-content-item elementor-animated-item--shrink\">\n\t\t\t\t\t\tVIETNAM\t\t\t\t\t<\/h3>\n\t\t\t\t\n\t\t\t\t\n\t\t\t\t\t\t\t<\/div>\n\t\t\t\t\t\t<\/a>\n\t\t\t\t\t\t<\/div>\n\t\t\t\t<\/div>\n\t\t\t\t<div class=\"elementor-element elementor-element-44e2947 elementor-widget elementor-widget-spacer\" data-id=\"44e2947\" data-element_type=\"widget\" data-e-type=\"widget\" data-widget_type=\"spacer.default\">\n\t\t\t\t<div class=\"elementor-widget-container\">\n\t\t\t\t\t\t\t<div class=\"elementor-spacer\">\n\t\t\t<div class=\"elementor-spacer-inner\"><\/div>\n\t\t<\/div>\n\t\t\t\t\t\t<\/div>\n\t\t\t\t<\/div>\n\t\t\t\t<div class=\"elementor-element elementor-element-6a4633a9 elementor-cta--skin-cover elementor-cta--valign-middle elementor-bg-transform elementor-bg-transform-zoom-out elementor-animated-content elementor-widget elementor-widget-call-to-action\" data-id=\"6a4633a9\" data-element_type=\"widget\" data-e-type=\"widget\" data-widget_type=\"call-to-action.default\">\n\t\t\t\t<div class=\"elementor-widget-container\">\n\t\t\t\t\t\t\t<a class=\"elementor-cta\" href=\"https:\/\/voyagesalaune.com\/index.php\/voyage-sur-mesure\/asie-2\/japon\/\">\n\t\t\t\t\t<div class=\"elementor-cta__bg-wrapper\">\n\t\t\t\t<div class=\"elementor-cta__bg elementor-bg\" style=\"background-image: url(https:\/\/voyagesalaune.com\/wp-content\/uploads\/2023\/06\/voyages-a-la-une-culture-experience-luxe-japon-asie-accueil.jpeg);\" role=\"img\" aria-label=\"Sanctuaire Fushimi Inari Taisha \u00e0 Kyoto, portiques rouges \u00e0 perte de vue, Japon, Asie\"><\/div>\n\t\t\t\t<div class=\"elementor-cta__bg-overlay\"><\/div>\n\t\t\t<\/div>\n\t\t\t\t\t\t\t<div class=\"elementor-cta__content\">\n\t\t\t\t\n\t\t\t\t\t\t\t\t\t<h3 class=\"elementor-cta__title elementor-cta__content-item elementor-content-item elementor-animated-item--shrink\">\n\t\t\t\t\t\tJAPON\t\t\t\t\t<\/h3>\n\t\t\t\t\n\t\t\t\t\n\t\t\t\t\t\t\t<\/div>\n\t\t\t\t\t\t<\/a>\n\t\t\t\t\t\t<\/div>\n\t\t\t\t<\/div>\n\t\t\t\t<div class=\"elementor-element elementor-element-709cf24 elementor-widget elementor-widget-spacer\" data-id=\"709cf24\" data-element_type=\"widget\" data-e-type=\"widget\" data-widget_type=\"spacer.default\">\n\t\t\t\t<div class=\"elementor-widget-container\">\n\t\t\t\t\t\t\t<div class=\"elementor-spacer\">\n\t\t\t<div class=\"elementor-spacer-inner\"><\/div>\n\t\t<\/div>\n\t\t\t\t\t\t<\/div>\n\t\t\t\t<\/div>\n\t\t\t\t<div class=\"elementor-element elementor-element-54b83706 elementor-cta--skin-cover elementor-cta--valign-middle elementor-bg-transform elementor-bg-transform-zoom-out elementor-widget__width-initial elementor-animated-content elementor-widget elementor-widget-call-to-action\" data-id=\"54b83706\" data-element_type=\"widget\" data-e-type=\"widget\" data-widget_type=\"call-to-action.default\">\n\t\t\t\t<div class=\"elementor-widget-container\">\n\t\t\t\t\t\t\t<a class=\"elementor-cta\" href=\"https:\/\/voyagesalaune.com\/index.php\/voyage-sur-mesure\/asie-2\/birmanie\/\">\n\t\t\t\t\t<div class=\"elementor-cta__bg-wrapper\">\n\t\t\t\t<div class=\"elementor-cta__bg elementor-bg\" style=\"background-image: url(https:\/\/voyagesalaune.com\/wp-content\/uploads\/2023\/06\/voyages-a-la-une-culture-experience-luxe-birmanie-asie-accueil.jpeg);\" role=\"img\" aria-label=\"voyages-a-la-une-culture-experience-luxe-birmanie-asie-accueil\"><\/div>\n\t\t\t\t<div class=\"elementor-cta__bg-overlay\"><\/div>\n\t\t\t<\/div>\n\t\t\t\t\t\t\t<div class=\"elementor-cta__content\">\n\t\t\t\t\n\t\t\t\t\t\t\t\t\t<h3 class=\"elementor-cta__title elementor-cta__content-item elementor-content-item elementor-animated-item--shrink\">\n\t\t\t\t\t\tBIRMANIE\t\t\t\t\t<\/h3>\n\t\t\t\t\n\t\t\t\t\n\t\t\t\t\t\t\t<\/div>\n\t\t\t\t\t\t<\/a>\n\t\t\t\t\t\t<\/div>\n\t\t\t\t<\/div>\n\t\t\t\t\t<\/div>\n\t\t<\/div>\n\t\t\t\t\t<\/div>\n\t\t<\/section>\n\t\t\t\t<section class=\"elementor-section elementor-top-section elementor-element elementor-element-b1bb392 elementor-section-boxed elementor-section-height-default elementor-section-height-default qodef-backgound-letter-holder-no qodef-elementor-content-no\" data-id=\"b1bb392\" data-element_type=\"section\" data-e-type=\"section\">\n\t\t\t\t\t\t<div class=\"elementor-container elementor-column-gap-default\">\n\t\t\t\t\t<div class=\"elementor-column elementor-col-100 elementor-top-column elementor-element elementor-element-4e0f6ae\" data-id=\"4e0f6ae\" data-element_type=\"column\" data-e-type=\"column\">\n\t\t\t<div class=\"elementor-widget-wrap elementor-element-populated\">\n\t\t\t\t\t\t<div class=\"elementor-element elementor-element-f17f812 elementor-widget elementor-widget-spacer\" data-id=\"f17f812\" data-element_type=\"widget\" data-e-type=\"widget\" data-widget_type=\"spacer.default\">\n\t\t\t\t<div class=\"elementor-widget-container\">\n\t\t\t\t\t\t\t<div class=\"elementor-spacer\">\n\t\t\t<div class=\"elementor-spacer-inner\"><\/div>\n\t\t<\/div>\n\t\t\t\t\t\t<\/div>\n\t\t\t\t<\/div>\n\t\t\t\t\t<\/div>\n\t\t<\/div>\n\t\t\t\t\t<\/div>\n\t\t<\/section>\n\t\t\t\t<\/div>\n\t\t","protected":false},"excerpt":{"rendered":"<p>Un continent captivant et diversifi\u00e9 qui regorge de merveilles \u00e0 d\u00e9couvrir. Plongez dans la tranquillit\u00e9 sereine du Laos, o\u00f9 les temples anciens et les paysages pittoresques vous transportent dans un autre monde. Explorez la richesse culturelle du Cambodge, avec les temples majestueux d&rsquo;Angkor et l&rsquo;histoire fascinante de Phnom Penh. En Birmanie, laissez-vous envo\u00fbter par la [&hellip;]<\/p>\n","protected":false},"author":4,"featured_media":0,"parent":14539,"menu_order":0,"comment_status":"closed","ping_status":"closed","template":"","meta":{"footnotes":""},"class_list":["post-17118","page","type-page","status-publish","hentry"],"_links":{"self":[{"href":"https:\/\/voyagesalaune.com\/index.php\/wp-json\/wp\/v2\/pages\/17118","targetHints":{"allow":["GET"]}}],"collection":[{"href":"https:\/\/voyagesalaune.com\/index.php\/wp-json\/wp\/v2\/pages"}],"about":[{"href":"https:\/\/voyagesalaune.com\/index.php\/wp-json\/wp\/v2\/types\/page"}],"author":[{"embeddable":true,"href":"https:\/\/voyagesalaune.com\/index.php\/wp-json\/wp\/v2\/users\/4"}],"replies":[{"embeddable":true,"href":"https:\/\/voyagesalaune.com\/index.php\/wp-json\/wp\/v2\/comments?post=17118"}],"version-history":[{"count":77,"href":"https:\/\/voyagesalaune.com\/index.php\/wp-json\/wp\/v2\/pages\/17118\/revisions"}],"predecessor-version":[{"id":23593,"href":"https:\/\/voyagesalaune.com\/index.php\/wp-json\/wp\/v2\/pages\/17118\/revisions\/23593"}],"up":[{"embeddable":true,"href":"https:\/\/voyagesalaune.com\/index.php\/wp-json\/wp\/v2\/pages\/14539"}],"wp:attachment":[{"href":"https:\/\/voyagesalaune.com\/index.php\/wp-json\/wp\/v2\/media?parent=17118"}],"curies":[{"name":"wp","href":"https:\/\/api.w.org\/{rel}","templated":true}]}}