{"id":18725,"date":"2023-06-14T16:15:32","date_gmt":"2023-06-14T14:15:32","guid":{"rendered":"http:\/\/exvgosa.cluster030.hosting.ovh.net\/?page_id=18725"},"modified":"2023-06-15T12:04:59","modified_gmt":"2023-06-15T10:04:59","slug":"frederic-pons-3","status":"publish","type":"page","link":"https:\/\/voyagesalaune.com\/index.php\/conferenciers\/frederic-pons-3\/","title":{"rendered":"FREDERIC PONS"},"content":{"rendered":"\t\t<div data-elementor-type=\"wp-page\" data-elementor-id=\"18725\" class=\"elementor elementor-18725\" data-elementor-post-type=\"page\">\n\t\t\t\t\t\t<section class=\"elementor-section elementor-top-section elementor-element elementor-element-4a5a104 elementor-section-boxed elementor-section-height-default elementor-section-height-default qodef-backgound-letter-holder-no qodef-elementor-content-no\" data-id=\"4a5a104\" data-element_type=\"section\" data-e-type=\"section\">\n\t\t\t\t\t\t<div class=\"elementor-container elementor-column-gap-default\">\n\t\t\t\t\t<div class=\"elementor-column elementor-col-100 elementor-top-column elementor-element elementor-element-c63ff2f\" data-id=\"c63ff2f\" data-element_type=\"column\" data-e-type=\"column\">\n\t\t\t<div class=\"elementor-widget-wrap elementor-element-populated\">\n\t\t\t\t\t\t<div class=\"elementor-element elementor-element-336125d elementor-widget elementor-widget-slider_revolution\" data-id=\"336125d\" data-element_type=\"widget\" data-e-type=\"widget\" data-widget_type=\"slider_revolution.default\">\n\t\t\t\t<div class=\"elementor-widget-container\">\n\t\t\t\t\t\n\t\t<div class=\"wp-block-themepunch-revslider\">\n\t\t\t<!-- START Page par conf\u00e9rencier REVOLUTION SLIDER 6.5.8 --><p class=\"rs-p-wp-fix\"><\/p>\n\t\t\t<rs-module-wrap id=\"rev_slider_18_1_wrapper\" data-source=\"gallery\" style=\"visibility:hidden;background:transparent;padding:0;margin:0px auto;margin-top:0;margin-bottom:0;\">\n\t\t\t\t<rs-module id=\"rev_slider_18_1\" style=\"\" data-version=\"6.5.8\">\n\t\t\t\t\t<rs-slides>\n\t\t\t\t\t\t<rs-slide style=\"position: absolute;\" data-key=\"rs-24\" data-title=\"Slide\" data-in=\"o:0;\" data-out=\"a:false;\">\n\t\t\t\t\t\t\t<img fetchpriority=\"high\" decoding=\"async\" src=\"\/\/voyagesalaune.com\/wp-content\/plugins\/revslider\/public\/assets\/assets\/dummy.png\" title=\"voyages-a-la-une-culture-experience-luxe-conferenciers\" width=\"800\" height=\"409\" class=\"rev-slidebg tp-rs-img rs-lazyload\" data-lazyload=\"\/\/exvgosa.cluster030.hosting.ovh.net\/wp-content\/uploads\/2023\/06\/voyages-a-la-une-culture-experience-luxe-conferenciers.jpg\" data-bg=\"p:center top;\" data-no-retina>\n<!--\n\t\t\t\t\t\t\t--><rs-layer\n\t\t\t\t\t\t\t\tid=\"slider-18-slide-24-layer-0\" \n\t\t\t\t\t\t\t\tdata-type=\"text\"\n\t\t\t\t\t\t\t\tdata-rsp_ch=\"on\"\n\t\t\t\t\t\t\t\tdata-xy=\"x:c;xo:0,0,0,1px;y:m;\"\n\t\t\t\t\t\t\t\tdata-text=\"w:normal;s:54,54,33,30;l:68,68,42,31;a:center;\"\n\t\t\t\t\t\t\t\tdata-dim=\"w:auto,auto,auto,335.273px;\"\n\t\t\t\t\t\t\t\tdata-frame_999=\"o:0;st:w;\"\n\t\t\t\t\t\t\t\tstyle=\"z-index:8;font-family:'Proza Libre';\"\n\t\t\t\t\t\t\t>NOS CONF\u00c9RENCIERS \n\t\t\t\t\t\t\t<\/rs-layer><!--\n\n\t\t\t\t\t\t\t--><rs-layer\n\t\t\t\t\t\t\t\tid=\"slider-18-slide-24-layer-1\" \n\t\t\t\t\t\t\t\tdata-type=\"text\"\n\t\t\t\t\t\t\t\tdata-rsp_ch=\"on\"\n\t\t\t\t\t\t\t\tdata-xy=\"x:c;yo:197px,197px,123px,75px;\"\n\t\t\t\t\t\t\t\tdata-text=\"w:normal;s:33,33,20,12;l:25,25,15,9;\"\n\t\t\t\t\t\t\t\tdata-frame_999=\"o:0;st:w;\"\n\t\t\t\t\t\t\t\tstyle=\"z-index:9;font-family:'Raleway';\"\n\t\t\t\t\t\t\t> \n\t\t\t\t\t\t\t<\/rs-layer><!--\n-->\t\t\t\t\t\t<\/rs-slide>\n\t\t\t\t\t<\/rs-slides>\n\t\t\t\t<\/rs-module>\n\t\t\t\t<script type=\"text\/javascript\">\n\t\t\t\t\tsetREVStartSize({c: 'rev_slider_18_1',rl:[1240,1240,778,480],el:[300,300,300,300],gw:[1240,1240,778,480],gh:[300,300,300,300],type:'standard',justify:'',layout:'fullwidth',mh:\"0\"});if (window.RS_MODULES!==undefined && window.RS_MODULES.modules!==undefined && window.RS_MODULES.modules[\"revslider181\"]!==undefined) {window.RS_MODULES.modules[\"revslider181\"].once = false;window.revapi18 = undefined;if (window.RS_MODULES.checkMinimal!==undefined) window.RS_MODULES.checkMinimal()}\n\t\t\t\t<\/script>\n\t\t\t<\/rs-module-wrap>\n\t\t\t<!-- END REVOLUTION SLIDER -->\n<\/div>\n\n\t\t\t\t\t\t<\/div>\n\t\t\t\t<\/div>\n\t\t\t\t\t<\/div>\n\t\t<\/div>\n\t\t\t\t\t<\/div>\n\t\t<\/section>\n\t\t\t\t<section class=\"elementor-section elementor-top-section elementor-element elementor-element-7904817 elementor-section-boxed elementor-section-height-default elementor-section-height-default qodef-backgound-letter-holder-no qodef-elementor-content-no\" data-id=\"7904817\" data-element_type=\"section\" data-e-type=\"section\">\n\t\t\t\t\t\t<div class=\"elementor-container elementor-column-gap-default\">\n\t\t\t\t\t<div class=\"elementor-column elementor-col-100 elementor-top-column elementor-element elementor-element-e73987e\" data-id=\"e73987e\" data-element_type=\"column\" data-e-type=\"column\">\n\t\t\t<div class=\"elementor-widget-wrap elementor-element-populated\">\n\t\t\t\t\t\t<div class=\"elementor-element elementor-element-5b738e6 elementor-widget elementor-widget-heading\" data-id=\"5b738e6\" data-element_type=\"widget\" data-e-type=\"widget\" data-widget_type=\"heading.default\">\n\t\t\t\t<div class=\"elementor-widget-container\">\n\t\t\t\t\t<h2 class=\"elementor-heading-title elementor-size-default\">FREDERIC PONS<\/h2>\t\t\t\t<\/div>\n\t\t\t\t<\/div>\n\t\t\t\t<div class=\"elementor-element elementor-element-58ea35d elementor-widget elementor-widget-text-editor\" data-id=\"58ea35d\" data-element_type=\"widget\" data-e-type=\"widget\" data-widget_type=\"text-editor.default\">\n\t\t\t\t<div class=\"elementor-widget-container\">\n\t\t\t\t\t\t\t\t\t<h4 style=\"text-align: center;\"><em>Journaliste, Conf\u00e9rencier<\/em><\/h4>\t\t\t\t\t\t\t\t<\/div>\n\t\t\t\t<\/div>\n\t\t\t\t\t<\/div>\n\t\t<\/div>\n\t\t\t\t\t<\/div>\n\t\t<\/section>\n\t\t\t\t<section class=\"elementor-section elementor-top-section elementor-element elementor-element-83da1b2 elementor-hidden-desktop elementor-section-boxed elementor-section-height-default elementor-section-height-default qodef-backgound-letter-holder-no qodef-elementor-content-no\" data-id=\"83da1b2\" data-element_type=\"section\" data-e-type=\"section\">\n\t\t\t\t\t\t<div class=\"elementor-container elementor-column-gap-default\">\n\t\t\t\t\t<div class=\"elementor-column elementor-col-50 elementor-top-column elementor-element elementor-element-741448a\" data-id=\"741448a\" data-element_type=\"column\" data-e-type=\"column\">\n\t\t\t<div class=\"elementor-widget-wrap elementor-element-populated\">\n\t\t\t\t\t\t<div class=\"elementor-element elementor-element-0f408f0 elementor-widget elementor-widget-image\" data-id=\"0f408f0\" data-element_type=\"widget\" data-e-type=\"widget\" data-widget_type=\"image.default\">\n\t\t\t\t<div class=\"elementor-widget-container\">\n\t\t\t\t\t\t\t\t\t\t\t\t\t\t\t<img decoding=\"async\" src=\"https:\/\/voyagesalaune.com\/wp-content\/uploads\/2013\/06\/pons_frederic_dr_0-e1686752837380.jpg\" title=\"\" alt=\"\" loading=\"lazy\" \/>\t\t\t\t\t\t\t\t\t\t\t\t\t\t\t<\/div>\n\t\t\t\t<\/div>\n\t\t\t\t\t<\/div>\n\t\t<\/div>\n\t\t\t\t<div class=\"elementor-column elementor-col-50 elementor-top-column elementor-element elementor-element-4a85fc1\" data-id=\"4a85fc1\" data-element_type=\"column\" data-e-type=\"column\">\n\t\t\t<div class=\"elementor-widget-wrap elementor-element-populated\">\n\t\t\t\t\t\t<div class=\"elementor-element elementor-element-bbedab5 elementor-widget elementor-widget-text-editor\" data-id=\"bbedab5\" data-element_type=\"widget\" data-e-type=\"widget\" data-widget_type=\"text-editor.default\">\n\t\t\t\t<div class=\"elementor-widget-container\">\n\t\t\t\t\t\t\t\t\t<p>Fr\u00e9d\u00e9ric PONS, journaliste sp\u00e9cialiste de g\u00e9opolitique, \u00e9crivain, professeur et conf\u00e9rencier. Il collabore comme analyste et \u00e9ditorialiste \u00e0 la revue Conflits. De 2016 \u00e0 2018, il a \u00e9t\u00e9 directeur des r\u00e9dactions de G\u00e9opolitique africaine, o\u00f9 il se consacre \u00e0 d\u00e9crypter un continent qui le passionne depuis toujours. Il fut r\u00e9dacteur en chef Monde \u00e0 Valeurs actuelles pendant 35 ans. Ancien pr\u00e9sident de l\u2019Association des journalistes de d\u00e9fense (AJD), colonel de r\u00e9serve, ancien du 8\u00e8me RPIMa, il est membre du Club des Chefs de section Paras au feu. Il est \u00e9galement auditeur de la 57\u00e8me session de l\u2019IHEDN. Outre son activit\u00e9 de journaliste et de conf\u00e9rencier, il enseigne \u00e0 Saint-Cyr et est l\u2019auteur de nombreux ouvrages, dont Isra\u00ebl en \u00e9tat de choc (Presses de la Cit\u00e9, 2007), Mourir pour le Liban (Presses de la Cit\u00e9, 200), Les Paras sacrifi\u00e9s. Beyrouth 1983-1984 (Presses de la Cit\u00e9, 2009), Alg\u00e9rie, le vrai \u00e9tat des lieux (Calmann-L\u00e9vy, 2013), Le martyre des Chr\u00e9tiens d\u2019Orient (Calmann-L\u00e9vy, 2017), Les P\u00e8lerins du diable (Calmann-L\u00e9vy, 2019).<\/p>\t\t\t\t\t\t\t\t<\/div>\n\t\t\t\t<\/div>\n\t\t\t\t\t<\/div>\n\t\t<\/div>\n\t\t\t\t\t<\/div>\n\t\t<\/section>\n\t\t\t\t<section class=\"elementor-section elementor-top-section elementor-element elementor-element-13f4025 elementor-hidden-tablet elementor-hidden-mobile elementor-section-boxed elementor-section-height-default elementor-section-height-default qodef-backgound-letter-holder-no qodef-elementor-content-no\" data-id=\"13f4025\" data-element_type=\"section\" data-e-type=\"section\">\n\t\t\t\t\t\t<div class=\"elementor-container elementor-column-gap-default\">\n\t\t\t\t\t<div class=\"elementor-column elementor-col-100 elementor-top-column elementor-element elementor-element-bc025bb\" data-id=\"bc025bb\" data-element_type=\"column\" data-e-type=\"column\">\n\t\t\t<div class=\"elementor-widget-wrap elementor-element-populated\">\n\t\t\t\t\t\t<div class=\"elementor-element elementor-element-41faee1 elementor-position-left elementor-vertical-align-middle elementor-widget elementor-widget-image-box\" data-id=\"41faee1\" data-element_type=\"widget\" data-e-type=\"widget\" data-widget_type=\"image-box.default\">\n\t\t\t\t<div class=\"elementor-widget-container\">\n\t\t\t\t\t<div class=\"elementor-image-box-wrapper\"><figure class=\"elementor-image-box-img\"><img decoding=\"async\" src=\"https:\/\/voyagesalaune.com\/wp-content\/uploads\/2013\/06\/pons_frederic_dr_0-e1686752837380.jpg\" title=\"\" alt=\"\" loading=\"lazy\" \/><\/figure><div class=\"elementor-image-box-content\"><p class=\"elementor-image-box-description\">Fr\u00e9d\u00e9ric PONS, journaliste sp\u00e9cialiste de g\u00e9opolitique, \u00e9crivain, professeur et conf\u00e9rencier. Il collabore comme analyste et \u00e9ditorialiste \u00e0 la revue Conflits. De 2016 \u00e0 2018, il a \u00e9t\u00e9 directeur des r\u00e9dactions de G\u00e9opolitique africaine, o\u00f9 il se consacre \u00e0 d\u00e9crypter un continent qui le passionne depuis toujours. Il fut r\u00e9dacteur en chef Monde \u00e0 Valeurs actuelles pendant 35 ans. Ancien pr\u00e9sident de l\u2019Association des journalistes de d\u00e9fense (AJD), colonel de r\u00e9serve, ancien du 8\u00e8me RPIMa, il est membre du Club des Chefs de section Paras au feu. Il est \u00e9galement auditeur de la 57\u00e8me session de l\u2019IHEDN. Outre son activit\u00e9 de journaliste et de conf\u00e9rencier, il enseigne \u00e0 Saint-Cyr et est l\u2019auteur de nombreux ouvrages, dont Isra\u00ebl en \u00e9tat de choc (Presses de la Cit\u00e9, 2007), Mourir pour le Liban (Presses de la Cit\u00e9, 200), Les Paras sacrifi\u00e9s. Beyrouth 1983-1984 (Presses de la Cit\u00e9, 2009), Alg\u00e9rie, le vrai \u00e9tat des lieux (Calmann-L\u00e9vy, 2013), Le martyre des Chr\u00e9tiens d\u2019Orient (Calmann-L\u00e9vy, 2017), Les P\u00e8lerins du diable (Calmann-L\u00e9vy, 2019).<\/p><\/div><\/div>\t\t\t\t<\/div>\n\t\t\t\t<\/div>\n\t\t\t\t\t<\/div>\n\t\t<\/div>\n\t\t\t\t\t<\/div>\n\t\t<\/section>\n\t\t\t\t<section class=\"elementor-section elementor-top-section elementor-element elementor-element-29f3945 elementor-section-boxed elementor-section-height-default elementor-section-height-default qodef-backgound-letter-holder-no qodef-elementor-content-no\" data-id=\"29f3945\" data-element_type=\"section\" data-e-type=\"section\">\n\t\t\t\t\t\t<div class=\"elementor-container elementor-column-gap-default\">\n\t\t\t\t\t<div class=\"elementor-column elementor-col-100 elementor-top-column elementor-element elementor-element-754d277\" data-id=\"754d277\" data-element_type=\"column\" data-e-type=\"column\">\n\t\t\t<div class=\"elementor-widget-wrap elementor-element-populated\">\n\t\t\t\t\t\t<div class=\"elementor-element elementor-element-189338d elementor-widget elementor-widget-spacer\" data-id=\"189338d\" data-element_type=\"widget\" data-e-type=\"widget\" data-widget_type=\"spacer.default\">\n\t\t\t\t<div class=\"elementor-widget-container\">\n\t\t\t\t\t\t\t<div class=\"elementor-spacer\">\n\t\t\t<div class=\"elementor-spacer-inner\"><\/div>\n\t\t<\/div>\n\t\t\t\t\t\t<\/div>\n\t\t\t\t<\/div>\n\t\t\t\t\t<\/div>\n\t\t<\/div>\n\t\t\t\t\t<\/div>\n\t\t<\/section>\n\t\t\t\t<section class=\"elementor-section elementor-top-section elementor-element elementor-element-92381ba elementor-section-boxed elementor-section-height-default elementor-section-height-default qodef-backgound-letter-holder-no qodef-elementor-content-no\" data-id=\"92381ba\" data-element_type=\"section\" data-e-type=\"section\">\n\t\t\t\t\t\t<div class=\"elementor-container elementor-column-gap-default\">\n\t\t\t\t\t<div class=\"elementor-column elementor-col-100 elementor-top-column elementor-element elementor-element-792d900\" data-id=\"792d900\" data-element_type=\"column\" data-e-type=\"column\">\n\t\t\t<div class=\"elementor-widget-wrap elementor-element-populated\">\n\t\t\t\t\t\t<div class=\"elementor-element elementor-element-203a99a elementor-widget elementor-widget-heading\" data-id=\"203a99a\" data-element_type=\"widget\" data-e-type=\"widget\" data-widget_type=\"heading.default\">\n\t\t\t\t<div class=\"elementor-widget-container\">\n\t\t\t\t\t<h5 class=\"elementor-heading-title elementor-size-default\">SES R\u00c9SEAUX SOCIAUX<\/h5>\t\t\t\t<\/div>\n\t\t\t\t<\/div>\n\t\t\t\t<div class=\"elementor-element elementor-element-e8a2592 elementor-shape-circle elementor-grid-0 e-grid-align-center elementor-widget elementor-widget-social-icons\" data-id=\"e8a2592\" data-element_type=\"widget\" data-e-type=\"widget\" data-widget_type=\"social-icons.default\">\n\t\t\t\t<div class=\"elementor-widget-container\">\n\t\t\t\t\t\t\t<div class=\"elementor-social-icons-wrapper elementor-grid\">\n\t\t\t\t\t\t\t<span class=\"elementor-grid-item\">\n\t\t\t\t\t<a class=\"elementor-icon elementor-social-icon elementor-social-icon-twitter elementor-animation-shrink elementor-repeater-item-21d05cc\" href=\"https:\/\/twitter.com\/fre_pons\" target=\"_blank\">\n\t\t\t\t\t\t<span class=\"elementor-screen-only\">Twitter<\/span>\n\t\t\t\t\t\t<i aria-hidden=\"true\" class=\"fab fa-twitter\"><\/i>\t\t\t\t\t<\/a>\n\t\t\t\t<\/span>\n\t\t\t\t\t<\/div>\n\t\t\t\t\t\t<\/div>\n\t\t\t\t<\/div>\n\t\t\t\t\t<\/div>\n\t\t<\/div>\n\t\t\t\t\t<\/div>\n\t\t<\/section>\n\t\t\t\t<section class=\"elementor-section elementor-top-section elementor-element elementor-element-00b8c0e elementor-section-boxed elementor-section-height-default elementor-section-height-default qodef-backgound-letter-holder-no qodef-elementor-content-no\" data-id=\"00b8c0e\" data-element_type=\"section\" data-e-type=\"section\">\n\t\t\t\t\t\t<div class=\"elementor-container elementor-column-gap-default\">\n\t\t\t\t\t<div class=\"elementor-column elementor-col-100 elementor-top-column elementor-element elementor-element-9618d4b\" data-id=\"9618d4b\" data-element_type=\"column\" data-e-type=\"column\">\n\t\t\t<div class=\"elementor-widget-wrap elementor-element-populated\">\n\t\t\t\t\t\t<div class=\"elementor-element elementor-element-7639e56 elementor-widget elementor-widget-spacer\" data-id=\"7639e56\" data-element_type=\"widget\" data-e-type=\"widget\" data-widget_type=\"spacer.default\">\n\t\t\t\t<div class=\"elementor-widget-container\">\n\t\t\t\t\t\t\t<div class=\"elementor-spacer\">\n\t\t\t<div class=\"elementor-spacer-inner\"><\/div>\n\t\t<\/div>\n\t\t\t\t\t\t<\/div>\n\t\t\t\t<\/div>\n\t\t\t\t\t<\/div>\n\t\t<\/div>\n\t\t\t\t\t<\/div>\n\t\t<\/section>\n\t\t\t\t<\/div>\n\t\t","protected":false},"excerpt":{"rendered":"<p>FREDERIC PONS Journaliste, Conf\u00e9rencier Fr\u00e9d\u00e9ric PONS, journaliste sp\u00e9cialiste de g\u00e9opolitique, \u00e9crivain, professeur et conf\u00e9rencier. Il collabore comme analyste et \u00e9ditorialiste \u00e0 la revue Conflits. De 2016 \u00e0 2018, il a \u00e9t\u00e9 directeur des r\u00e9dactions de G\u00e9opolitique africaine, o\u00f9 il se consacre \u00e0 d\u00e9crypter un continent qui le passionne depuis toujours. Il fut r\u00e9dacteur en chef [&hellip;]<\/p>\n","protected":false},"author":4,"featured_media":0,"parent":14838,"menu_order":0,"comment_status":"closed","ping_status":"closed","template":"","meta":{"footnotes":""},"class_list":["post-18725","page","type-page","status-publish","hentry"],"_links":{"self":[{"href":"https:\/\/voyagesalaune.com\/index.php\/wp-json\/wp\/v2\/pages\/18725","targetHints":{"allow":["GET"]}}],"collection":[{"href":"https:\/\/voyagesalaune.com\/index.php\/wp-json\/wp\/v2\/pages"}],"about":[{"href":"https:\/\/voyagesalaune.com\/index.php\/wp-json\/wp\/v2\/types\/page"}],"author":[{"embeddable":true,"href":"https:\/\/voyagesalaune.com\/index.php\/wp-json\/wp\/v2\/users\/4"}],"replies":[{"embeddable":true,"href":"https:\/\/voyagesalaune.com\/index.php\/wp-json\/wp\/v2\/comments?post=18725"}],"version-history":[{"count":10,"href":"https:\/\/voyagesalaune.com\/index.php\/wp-json\/wp\/v2\/pages\/18725\/revisions"}],"predecessor-version":[{"id":18964,"href":"https:\/\/voyagesalaune.com\/index.php\/wp-json\/wp\/v2\/pages\/18725\/revisions\/18964"}],"up":[{"embeddable":true,"href":"https:\/\/voyagesalaune.com\/index.php\/wp-json\/wp\/v2\/pages\/14838"}],"wp:attachment":[{"href":"https:\/\/voyagesalaune.com\/index.php\/wp-json\/wp\/v2\/media?parent=18725"}],"curies":[{"name":"wp","href":"https:\/\/api.w.org\/{rel}","templated":true}]}}