{"id":18728,"date":"2023-06-14T16:17:32","date_gmt":"2023-06-14T14:17:32","guid":{"rendered":"http:\/\/exvgosa.cluster030.hosting.ovh.net\/?page_id=18728"},"modified":"2023-06-15T12:13:49","modified_gmt":"2023-06-15T10:13:49","slug":"guy-sorman-3","status":"publish","type":"page","link":"https:\/\/voyagesalaune.com\/index.php\/conferenciers\/guy-sorman-3\/","title":{"rendered":"GUY SORMAN"},"content":{"rendered":"\t\t<div data-elementor-type=\"wp-page\" data-elementor-id=\"18728\" class=\"elementor elementor-18728\" data-elementor-post-type=\"page\">\n\t\t\t\t\t\t<section class=\"elementor-section elementor-top-section elementor-element elementor-element-4a5a104 elementor-section-boxed elementor-section-height-default elementor-section-height-default qodef-backgound-letter-holder-no qodef-elementor-content-no\" data-id=\"4a5a104\" data-element_type=\"section\" data-e-type=\"section\">\n\t\t\t\t\t\t<div class=\"elementor-container elementor-column-gap-default\">\n\t\t\t\t\t<div class=\"elementor-column elementor-col-100 elementor-top-column elementor-element elementor-element-c63ff2f\" data-id=\"c63ff2f\" data-element_type=\"column\" data-e-type=\"column\">\n\t\t\t<div class=\"elementor-widget-wrap elementor-element-populated\">\n\t\t\t\t\t\t<div class=\"elementor-element elementor-element-336125d elementor-widget elementor-widget-slider_revolution\" data-id=\"336125d\" data-element_type=\"widget\" data-e-type=\"widget\" data-widget_type=\"slider_revolution.default\">\n\t\t\t\t<div class=\"elementor-widget-container\">\n\t\t\t\t\t\n\t\t<div class=\"wp-block-themepunch-revslider\">\n\t\t\t<!-- START Page par conf\u00e9rencier REVOLUTION SLIDER 6.5.8 --><p class=\"rs-p-wp-fix\"><\/p>\n\t\t\t<rs-module-wrap id=\"rev_slider_18_1_wrapper\" data-source=\"gallery\" style=\"visibility:hidden;background:transparent;padding:0;margin:0px auto;margin-top:0;margin-bottom:0;\">\n\t\t\t\t<rs-module id=\"rev_slider_18_1\" style=\"\" data-version=\"6.5.8\">\n\t\t\t\t\t<rs-slides>\n\t\t\t\t\t\t<rs-slide style=\"position: absolute;\" data-key=\"rs-24\" data-title=\"Slide\" data-in=\"o:0;\" data-out=\"a:false;\">\n\t\t\t\t\t\t\t<img fetchpriority=\"high\" decoding=\"async\" src=\"\/\/voyagesalaune.com\/wp-content\/plugins\/revslider\/public\/assets\/assets\/dummy.png\" title=\"voyages-a-la-une-culture-experience-luxe-conferenciers\" width=\"800\" height=\"409\" class=\"rev-slidebg tp-rs-img rs-lazyload\" data-lazyload=\"\/\/exvgosa.cluster030.hosting.ovh.net\/wp-content\/uploads\/2023\/06\/voyages-a-la-une-culture-experience-luxe-conferenciers.jpg\" data-bg=\"p:center top;\" data-no-retina>\n<!--\n\t\t\t\t\t\t\t--><rs-layer\n\t\t\t\t\t\t\t\tid=\"slider-18-slide-24-layer-0\" \n\t\t\t\t\t\t\t\tdata-type=\"text\"\n\t\t\t\t\t\t\t\tdata-rsp_ch=\"on\"\n\t\t\t\t\t\t\t\tdata-xy=\"x:c;xo:0,0,0,1px;y:m;\"\n\t\t\t\t\t\t\t\tdata-text=\"w:normal;s:54,54,33,30;l:68,68,42,31;a:center;\"\n\t\t\t\t\t\t\t\tdata-dim=\"w:auto,auto,auto,335.273px;\"\n\t\t\t\t\t\t\t\tdata-frame_999=\"o:0;st:w;\"\n\t\t\t\t\t\t\t\tstyle=\"z-index:8;font-family:'Proza Libre';\"\n\t\t\t\t\t\t\t>NOS CONF\u00c9RENCIERS \n\t\t\t\t\t\t\t<\/rs-layer><!--\n\n\t\t\t\t\t\t\t--><rs-layer\n\t\t\t\t\t\t\t\tid=\"slider-18-slide-24-layer-1\" \n\t\t\t\t\t\t\t\tdata-type=\"text\"\n\t\t\t\t\t\t\t\tdata-rsp_ch=\"on\"\n\t\t\t\t\t\t\t\tdata-xy=\"x:c;yo:197px,197px,123px,75px;\"\n\t\t\t\t\t\t\t\tdata-text=\"w:normal;s:33,33,20,12;l:25,25,15,9;\"\n\t\t\t\t\t\t\t\tdata-frame_999=\"o:0;st:w;\"\n\t\t\t\t\t\t\t\tstyle=\"z-index:9;font-family:'Raleway';\"\n\t\t\t\t\t\t\t> \n\t\t\t\t\t\t\t<\/rs-layer><!--\n-->\t\t\t\t\t\t<\/rs-slide>\n\t\t\t\t\t<\/rs-slides>\n\t\t\t\t<\/rs-module>\n\t\t\t\t<script type=\"text\/javascript\">\n\t\t\t\t\tsetREVStartSize({c: 'rev_slider_18_1',rl:[1240,1240,778,480],el:[300,300,300,300],gw:[1240,1240,778,480],gh:[300,300,300,300],type:'standard',justify:'',layout:'fullwidth',mh:\"0\"});if (window.RS_MODULES!==undefined && window.RS_MODULES.modules!==undefined && window.RS_MODULES.modules[\"revslider181\"]!==undefined) {window.RS_MODULES.modules[\"revslider181\"].once = false;window.revapi18 = undefined;if (window.RS_MODULES.checkMinimal!==undefined) window.RS_MODULES.checkMinimal()}\n\t\t\t\t<\/script>\n\t\t\t<\/rs-module-wrap>\n\t\t\t<!-- END REVOLUTION SLIDER -->\n<\/div>\n\n\t\t\t\t\t\t<\/div>\n\t\t\t\t<\/div>\n\t\t\t\t\t<\/div>\n\t\t<\/div>\n\t\t\t\t\t<\/div>\n\t\t<\/section>\n\t\t\t\t<section class=\"elementor-section elementor-top-section elementor-element elementor-element-7904817 elementor-section-boxed elementor-section-height-default elementor-section-height-default qodef-backgound-letter-holder-no qodef-elementor-content-no\" data-id=\"7904817\" data-element_type=\"section\" data-e-type=\"section\">\n\t\t\t\t\t\t<div class=\"elementor-container elementor-column-gap-default\">\n\t\t\t\t\t<div class=\"elementor-column elementor-col-100 elementor-top-column elementor-element elementor-element-e73987e\" data-id=\"e73987e\" data-element_type=\"column\" data-e-type=\"column\">\n\t\t\t<div class=\"elementor-widget-wrap elementor-element-populated\">\n\t\t\t\t\t\t<div class=\"elementor-element elementor-element-5b738e6 elementor-widget elementor-widget-heading\" data-id=\"5b738e6\" data-element_type=\"widget\" data-e-type=\"widget\" data-widget_type=\"heading.default\">\n\t\t\t\t<div class=\"elementor-widget-container\">\n\t\t\t\t\t<h2 class=\"elementor-heading-title elementor-size-default\">GUY SORMAN<\/h2>\t\t\t\t<\/div>\n\t\t\t\t<\/div>\n\t\t\t\t<div class=\"elementor-element elementor-element-58ea35d elementor-widget elementor-widget-text-editor\" data-id=\"58ea35d\" data-element_type=\"widget\" data-e-type=\"widget\" data-widget_type=\"text-editor.default\">\n\t\t\t\t<div class=\"elementor-widget-container\">\n\t\t\t\t\t\t\t\t\t<h4 style=\"text-align: center;\"><em>\u00c9crivain<\/em><\/h4>\t\t\t\t\t\t\t\t<\/div>\n\t\t\t\t<\/div>\n\t\t\t\t\t<\/div>\n\t\t<\/div>\n\t\t\t\t\t<\/div>\n\t\t<\/section>\n\t\t\t\t<section class=\"elementor-section elementor-top-section elementor-element elementor-element-aff36d7 elementor-hidden-desktop elementor-section-boxed elementor-section-height-default elementor-section-height-default qodef-backgound-letter-holder-no qodef-elementor-content-no\" data-id=\"aff36d7\" data-element_type=\"section\" data-e-type=\"section\">\n\t\t\t\t\t\t<div class=\"elementor-container elementor-column-gap-default\">\n\t\t\t\t\t<div class=\"elementor-column elementor-col-50 elementor-top-column elementor-element elementor-element-36c07fb\" data-id=\"36c07fb\" data-element_type=\"column\" data-e-type=\"column\">\n\t\t\t<div class=\"elementor-widget-wrap elementor-element-populated\">\n\t\t\t\t\t\t<div class=\"elementor-element elementor-element-7fdd7a1 elementor-widget elementor-widget-image\" data-id=\"7fdd7a1\" data-element_type=\"widget\" data-e-type=\"widget\" data-widget_type=\"image.default\">\n\t\t\t\t<div class=\"elementor-widget-container\">\n\t\t\t\t\t\t\t\t\t\t\t\t\t\t\t<img decoding=\"async\" width=\"1024\" height=\"1024\" src=\"https:\/\/voyagesalaune.com\/wp-content\/uploads\/2023\/06\/G-SORMAN-compressed-1024x1024.jpg\" class=\"attachment-large size-large wp-image-18978\" alt=\"Guy Sorman\" srcset=\"https:\/\/voyagesalaune.com\/wp-content\/uploads\/2023\/06\/G-SORMAN-compressed-1024x1024.jpg 1024w, https:\/\/voyagesalaune.com\/wp-content\/uploads\/2023\/06\/G-SORMAN-compressed-300x300.jpg 300w, https:\/\/voyagesalaune.com\/wp-content\/uploads\/2023\/06\/G-SORMAN-compressed-150x150.jpg 150w, https:\/\/voyagesalaune.com\/wp-content\/uploads\/2023\/06\/G-SORMAN-compressed-768x768.jpg 768w, https:\/\/voyagesalaune.com\/wp-content\/uploads\/2023\/06\/G-SORMAN-compressed-1536x1536.jpg 1536w, https:\/\/voyagesalaune.com\/wp-content\/uploads\/2023\/06\/G-SORMAN-compressed-650x650.jpg 650w, https:\/\/voyagesalaune.com\/wp-content\/uploads\/2023\/06\/G-SORMAN-compressed-1300x1300.jpg 1300w, https:\/\/voyagesalaune.com\/wp-content\/uploads\/2023\/06\/G-SORMAN-compressed.jpg 1704w\" sizes=\"(max-width: 1024px) 100vw, 1024px\" \/>\t\t\t\t\t\t\t\t\t\t\t\t\t\t\t<\/div>\n\t\t\t\t<\/div>\n\t\t\t\t\t<\/div>\n\t\t<\/div>\n\t\t\t\t<div class=\"elementor-column elementor-col-50 elementor-top-column elementor-element elementor-element-84506ce\" data-id=\"84506ce\" data-element_type=\"column\" data-e-type=\"column\">\n\t\t\t<div class=\"elementor-widget-wrap elementor-element-populated\">\n\t\t\t\t\t\t<div class=\"elementor-element elementor-element-bc5fbbf elementor-widget elementor-widget-text-editor\" data-id=\"bc5fbbf\" data-element_type=\"widget\" data-e-type=\"widget\" data-widget_type=\"text-editor.default\">\n\t\t\t\t<div class=\"elementor-widget-container\">\n\t\t\t\t\t\t\t\t\t<p>Apr\u00e8s ses \u00e9tudes \u00e0 l\u2019Institut d\u2019Etude Politique et \u00e0 l\u2019Ecole Nationale d\u2019Administration dont Guy SORMAN sort en 1969, il a enseign\u00e9 l\u2019\u00e9conomie \u00e0 Sciences Po Paris et de nombreuses universit\u00e9s \u00e9trang\u00e8res (Chine, USA, Russie, Argentine). Il a quitt\u00e9 la fonction publique pour se consacrer \u00e0 l\u2019\u00e9criture, \u00e0 l\u2019enseignement et \u00e0 l\u2019\u00e9dition.<br \/>Il a cr\u00e9\u00e9, en 1973, une entreprise de presse qu\u2019il dirige, Editions Sorman. Et du magazine France-Am\u00e9rique. Fondateur en 1979, et pr\u00e9sident d\u2019honneur d\u2019Action contre la faim, Guy Sorman a \u00e9t\u00e9 membre de la Commission Nationale fran\u00e7aise des Droits de l\u2019homme, maire-adjoint puis Pr\u00e9sident du Conseil \u00e9conomique et social de Boulogne-Billancourt. Il fut Pr\u00e9sident du Comit\u00e9 de prospective &amp; strat\u00e9gie aupr\u00e8s du Premier Ministre de 1995 \u00e0 1997. Parmi ses ouvrages : Le bonheur fran\u00e7ais, Le progr\u00e8s et ses ennemis, Le G\u00e9nie de l\u2019Inde, Les enfants de Rifaa, musulmans et modernes,Made in USA, regards sur la civilisation am\u00e9ricaine, L\u2019Ann\u00e9e du Coq, chinois et rebelles, L\u2019\u00e9conomie ne ment pas, Mon dictionnaire du bullshit. Guy Sorman vit entre Paris et New York.<\/p>\t\t\t\t\t\t\t\t<\/div>\n\t\t\t\t<\/div>\n\t\t\t\t\t<\/div>\n\t\t<\/div>\n\t\t\t\t\t<\/div>\n\t\t<\/section>\n\t\t\t\t<section class=\"elementor-section elementor-top-section elementor-element elementor-element-13f4025 elementor-hidden-tablet elementor-hidden-mobile elementor-section-boxed elementor-section-height-default elementor-section-height-default qodef-backgound-letter-holder-no qodef-elementor-content-no\" data-id=\"13f4025\" data-element_type=\"section\" data-e-type=\"section\">\n\t\t\t\t\t\t<div class=\"elementor-container elementor-column-gap-default\">\n\t\t\t\t\t<div class=\"elementor-column elementor-col-100 elementor-top-column elementor-element elementor-element-bc025bb\" data-id=\"bc025bb\" data-element_type=\"column\" data-e-type=\"column\">\n\t\t\t<div class=\"elementor-widget-wrap elementor-element-populated\">\n\t\t\t\t\t\t<div class=\"elementor-element elementor-element-41faee1 elementor-position-left elementor-vertical-align-middle elementor-widget elementor-widget-image-box\" data-id=\"41faee1\" data-element_type=\"widget\" data-e-type=\"widget\" data-widget_type=\"image-box.default\">\n\t\t\t\t<div class=\"elementor-widget-container\">\n\t\t\t\t\t<div class=\"elementor-image-box-wrapper\"><figure class=\"elementor-image-box-img\"><img decoding=\"async\" width=\"1300\" height=\"1300\" src=\"https:\/\/voyagesalaune.com\/wp-content\/uploads\/2023\/06\/G-SORMAN-compressed-1300x1300.jpg\" class=\"attachment-laurits_core_image_size_huge-square size-laurits_core_image_size_huge-square wp-image-18978\" alt=\"Guy Sorman\" srcset=\"https:\/\/voyagesalaune.com\/wp-content\/uploads\/2023\/06\/G-SORMAN-compressed-1300x1300.jpg 1300w, https:\/\/voyagesalaune.com\/wp-content\/uploads\/2023\/06\/G-SORMAN-compressed-300x300.jpg 300w, https:\/\/voyagesalaune.com\/wp-content\/uploads\/2023\/06\/G-SORMAN-compressed-1024x1024.jpg 1024w, https:\/\/voyagesalaune.com\/wp-content\/uploads\/2023\/06\/G-SORMAN-compressed-150x150.jpg 150w, https:\/\/voyagesalaune.com\/wp-content\/uploads\/2023\/06\/G-SORMAN-compressed-768x768.jpg 768w, https:\/\/voyagesalaune.com\/wp-content\/uploads\/2023\/06\/G-SORMAN-compressed-1536x1536.jpg 1536w, https:\/\/voyagesalaune.com\/wp-content\/uploads\/2023\/06\/G-SORMAN-compressed-650x650.jpg 650w, https:\/\/voyagesalaune.com\/wp-content\/uploads\/2023\/06\/G-SORMAN-compressed.jpg 1704w\" sizes=\"(max-width: 1300px) 100vw, 1300px\" \/><\/figure><div class=\"elementor-image-box-content\"><p class=\"elementor-image-box-description\">Apr\u00e8s ses \u00e9tudes \u00e0 l\u2019Institut d\u2019Etude Politique et \u00e0 l\u2019Ecole Nationale d\u2019Administration dont Guy SORMAN sort en 1969, il a enseign\u00e9 l\u2019\u00e9conomie \u00e0 Sciences Po Paris et de nombreuses universit\u00e9s \u00e9trang\u00e8res (Chine, USA, Russie, Argentine). Il a quitt\u00e9 la fonction publique pour se consacrer \u00e0 l\u2019\u00e9criture, \u00e0 l\u2019enseignement et \u00e0 l\u2019\u00e9dition.\nIl a cr\u00e9\u00e9, en 1973, une entreprise de presse qu\u2019il dirige, Editions Sorman. Et du magazine France-Am\u00e9rique. Fondateur en 1979, et pr\u00e9sident d\u2019honneur d\u2019Action contre la faim, Guy Sorman a \u00e9t\u00e9 membre de la Commission Nationale fran\u00e7aise des Droits de l\u2019homme, maire-adjoint puis Pr\u00e9sident du Conseil \u00e9conomique et social de Boulogne-Billancourt. Il fut Pr\u00e9sident du Comit\u00e9 de prospective &amp; strat\u00e9gie aupr\u00e8s du Premier Ministre de 1995 \u00e0 1997. Parmi ses ouvrages : Le bonheur fran\u00e7ais, Le progr\u00e8s et ses ennemis, Le G\u00e9nie de l\u2019Inde, Les enfants de Rifaa, musulmans et modernes,Made in USA, regards sur la civilisation am\u00e9ricaine, L\u2019Ann\u00e9e du Coq, chinois et rebelles, L\u2019\u00e9conomie ne ment pas, Mon dictionnaire du bullshit. Guy Sorman vit entre Paris et New York.\n<\/p><\/div><\/div>\t\t\t\t<\/div>\n\t\t\t\t<\/div>\n\t\t\t\t\t<\/div>\n\t\t<\/div>\n\t\t\t\t\t<\/div>\n\t\t<\/section>\n\t\t\t\t<section class=\"elementor-section elementor-top-section elementor-element elementor-element-29f3945 elementor-section-boxed elementor-section-height-default elementor-section-height-default qodef-backgound-letter-holder-no qodef-elementor-content-no\" data-id=\"29f3945\" data-element_type=\"section\" data-e-type=\"section\">\n\t\t\t\t\t\t<div class=\"elementor-container elementor-column-gap-default\">\n\t\t\t\t\t<div class=\"elementor-column elementor-col-100 elementor-top-column elementor-element elementor-element-754d277\" data-id=\"754d277\" data-element_type=\"column\" data-e-type=\"column\">\n\t\t\t<div class=\"elementor-widget-wrap elementor-element-populated\">\n\t\t\t\t\t\t<div class=\"elementor-element elementor-element-189338d elementor-widget elementor-widget-spacer\" data-id=\"189338d\" data-element_type=\"widget\" data-e-type=\"widget\" data-widget_type=\"spacer.default\">\n\t\t\t\t<div class=\"elementor-widget-container\">\n\t\t\t\t\t\t\t<div class=\"elementor-spacer\">\n\t\t\t<div class=\"elementor-spacer-inner\"><\/div>\n\t\t<\/div>\n\t\t\t\t\t\t<\/div>\n\t\t\t\t<\/div>\n\t\t\t\t\t<\/div>\n\t\t<\/div>\n\t\t\t\t\t<\/div>\n\t\t<\/section>\n\t\t\t\t<\/div>\n\t\t","protected":false},"excerpt":{"rendered":"<p>GUY SORMAN \u00c9crivain Apr\u00e8s ses \u00e9tudes \u00e0 l\u2019Institut d\u2019Etude Politique et \u00e0 l\u2019Ecole Nationale d\u2019Administration dont Guy SORMAN sort en 1969, il a enseign\u00e9 l\u2019\u00e9conomie \u00e0 Sciences Po Paris et de nombreuses universit\u00e9s \u00e9trang\u00e8res (Chine, USA, Russie, Argentine). Il a quitt\u00e9 la fonction publique pour se consacrer \u00e0 l\u2019\u00e9criture, \u00e0 l\u2019enseignement et \u00e0 l\u2019\u00e9dition.Il a [&hellip;]<\/p>\n","protected":false},"author":4,"featured_media":0,"parent":14838,"menu_order":0,"comment_status":"closed","ping_status":"closed","template":"","meta":{"footnotes":""},"class_list":["post-18728","page","type-page","status-publish","hentry"],"_links":{"self":[{"href":"https:\/\/voyagesalaune.com\/index.php\/wp-json\/wp\/v2\/pages\/18728","targetHints":{"allow":["GET"]}}],"collection":[{"href":"https:\/\/voyagesalaune.com\/index.php\/wp-json\/wp\/v2\/pages"}],"about":[{"href":"https:\/\/voyagesalaune.com\/index.php\/wp-json\/wp\/v2\/types\/page"}],"author":[{"embeddable":true,"href":"https:\/\/voyagesalaune.com\/index.php\/wp-json\/wp\/v2\/users\/4"}],"replies":[{"embeddable":true,"href":"https:\/\/voyagesalaune.com\/index.php\/wp-json\/wp\/v2\/comments?post=18728"}],"version-history":[{"count":10,"href":"https:\/\/voyagesalaune.com\/index.php\/wp-json\/wp\/v2\/pages\/18728\/revisions"}],"predecessor-version":[{"id":18984,"href":"https:\/\/voyagesalaune.com\/index.php\/wp-json\/wp\/v2\/pages\/18728\/revisions\/18984"}],"up":[{"embeddable":true,"href":"https:\/\/voyagesalaune.com\/index.php\/wp-json\/wp\/v2\/pages\/14838"}],"wp:attachment":[{"href":"https:\/\/voyagesalaune.com\/index.php\/wp-json\/wp\/v2\/media?parent=18728"}],"curies":[{"name":"wp","href":"https:\/\/api.w.org\/{rel}","templated":true}]}}